{"id":1608,"date":"2026-05-07T14:39:27","date_gmt":"2026-05-07T14:39:27","guid":{"rendered":"https:\/\/donamatilde.pt\/?page_id=1608"},"modified":"2026-05-08T17:42:06","modified_gmt":"2026-05-08T17:42:06","slug":"provas","status":"publish","type":"page","link":"https:\/\/donamatilde.pt\/pt\/provas\/","title":{"rendered":"Provas"},"content":{"rendered":"\t\t<div data-elementor-type=\"wp-page\" data-elementor-id=\"1608\" class=\"elementor elementor-1608\" data-elementor-post-type=\"page\">\n\t\t\t\t<div class=\"elementor-element elementor-element-a038a3b e-con-full e-flex e-con e-parent\" data-id=\"a038a3b\" data-element_type=\"container\" data-settings=\"{&quot;background_background&quot;:&quot;classic&quot;,&quot;background_motion_fx_motion_fx_scrolling&quot;:&quot;yes&quot;,&quot;background_motion_fx_translateY_effect&quot;:&quot;yes&quot;,&quot;background_motion_fx_translateY_speed&quot;:{&quot;unit&quot;:&quot;px&quot;,&quot;size&quot;:4,&quot;sizes&quot;:[]},&quot;background_motion_fx_translateY_affectedRange&quot;:{&quot;unit&quot;:&quot;%&quot;,&quot;size&quot;:&quot;&quot;,&quot;sizes&quot;:{&quot;start&quot;:0,&quot;end&quot;:100}},&quot;background_motion_fx_devices&quot;:[&quot;desktop&quot;,&quot;tablet&quot;,&quot;mobile&quot;]}\">\n\t\t<div class=\"elementor-element elementor-element-48eee46 e-flex e-con-boxed e-con e-child\" data-id=\"48eee46\" data-element_type=\"container\">\n\t\t\t\t\t<div class=\"e-con-inner\">\n\t\t\t\t<div class=\"elementor-element elementor-element-8570c6e elementor-widget elementor-widget-heading\" data-id=\"8570c6e\" data-element_type=\"widget\" data-widget_type=\"heading.default\">\n\t\t\t\t<div class=\"elementor-widget-container\">\n\t\t\t\t\t<h1 class=\"elementor-heading-title elementor-size-default\">Prova de Vinhos<\/h1>\t\t\t\t<\/div>\n\t\t\t\t<\/div>\n\t\t\t\t<div class=\"elementor-element elementor-element-b70d1b0 elementor-widget elementor-widget-heading\" data-id=\"b70d1b0\" data-element_type=\"widget\" data-widget_type=\"heading.default\">\n\t\t\t\t<div class=\"elementor-widget-container\">\n\t\t\t\t\t<h1 class=\"elementor-heading-title elementor-size-default\">Dona Matilde<\/h1>\t\t\t\t<\/div>\n\t\t\t\t<\/div>\n\t\t\t\t<div class=\"elementor-element elementor-element-bc0b64a elementor-widget elementor-widget-text-editor\" data-id=\"bc0b64a\" data-element_type=\"widget\" data-widget_type=\"text-editor.default\">\n\t\t\t\t<div class=\"elementor-widget-container\">\n\t\t\t\t\t\t\t\t\t<p>Descubra a hist\u00f3ria e os sabores de uma das quintas mais antigas da regi\u00e3o<br \/>atrav\u00e9s de uma jornada sensorial inesquec\u00edvel.<\/p>\t\t\t\t\t\t\t\t<\/div>\n\t\t\t\t<\/div>\n\t\t\t\t<div class=\"elementor-element elementor-element-ede9b81 elementor-widget elementor-widget-button\" data-id=\"ede9b81\" data-element_type=\"widget\" data-widget_type=\"button.default\">\n\t\t\t\t<div class=\"elementor-widget-container\">\n\t\t\t\t\t\t\t\t\t<div class=\"elementor-button-wrapper\">\n\t\t\t\t\t<a class=\"elementor-button elementor-button-link elementor-size-sm\" href=\"#calendly\">\n\t\t\t\t\t\t<span class=\"elementor-button-content-wrapper\">\n\t\t\t\t\t\t\t\t\t<span class=\"elementor-button-text\">AGENDAR PROVA<\/span>\n\t\t\t\t\t<\/span>\n\t\t\t\t\t<\/a>\n\t\t\t\t<\/div>\n\t\t\t\t\t\t\t\t<\/div>\n\t\t\t\t<\/div>\n\t\t\t\t\t<\/div>\n\t\t\t\t<\/div>\n\t\t\t\t<\/div>\n\t\t<div class=\"elementor-element elementor-element-5fadb8e e-con-full e-flex e-con e-parent\" data-id=\"5fadb8e\" data-element_type=\"container\">\n\t\t<div class=\"elementor-element elementor-element-96c5c62 e-grid e-con-boxed e-con e-child\" data-id=\"96c5c62\" data-element_type=\"container\">\n\t\t\t\t\t<div class=\"e-con-inner\">\n\t\t<div class=\"elementor-element elementor-element-3181cb8 e-con-full e-flex e-con e-child\" data-id=\"3181cb8\" data-element_type=\"container\">\n\t\t\t\t<div class=\"elementor-element elementor-element-ca7d8a4 elementor-widget elementor-widget-heading\" data-id=\"ca7d8a4\" data-element_type=\"widget\" data-widget_type=\"heading.default\">\n\t\t\t\t<div class=\"elementor-widget-container\">\n\t\t\t\t\t<h1 class=\"elementor-heading-title elementor-size-default\">Prova de Vinhos<\/h1>\t\t\t\t<\/div>\n\t\t\t\t<\/div>\n\t\t\t\t<div class=\"elementor-element elementor-element-f96b4cf elementor-widget elementor-widget-text-editor\" data-id=\"f96b4cf\" data-element_type=\"widget\" data-widget_type=\"text-editor.default\">\n\t\t\t\t<div class=\"elementor-widget-container\">\n\t\t\t\t\t\t\t\t\t<p>O ponto de encontro \u00e9 na Recep\u00e7\u00e3o da Casa da Quinta e, a\u00a0partir da\u00ed, come\u00e7a com uma visita \u00e0 vinha onde \u00e9 feita uma\u00a0descri\u00e7\u00e3o da quinta e a sua perspetiva hist\u00f3rica. Segue-se a\u00a0prova de vinhos junto \u00e0 Casa da Quinta com vista sobre o vale do Rio Douro.<\/p>\t\t\t\t\t\t\t\t<\/div>\n\t\t\t\t<\/div>\n\t\t<div class=\"elementor-element elementor-element-189b253 e-grid e-con-boxed e-con e-child\" data-id=\"189b253\" data-element_type=\"container\">\n\t\t\t\t\t<div class=\"e-con-inner\">\n\t\t<div class=\"elementor-element elementor-element-04e4b84 e-con-full e-flex e-con e-child\" data-id=\"04e4b84\" data-element_type=\"container\">\n\t\t\t\t<div class=\"elementor-element elementor-element-d595b45 elementor-widget elementor-widget-heading\" data-id=\"d595b45\" data-element_type=\"widget\" data-widget_type=\"heading.default\">\n\t\t\t\t<div class=\"elementor-widget-container\">\n\t\t\t\t\t<h2 class=\"elementor-heading-title elementor-size-default\">DURA\u00c7\u00c3O<\/h2>\t\t\t\t<\/div>\n\t\t\t\t<\/div>\n\t\t\t\t<div class=\"elementor-element elementor-element-c5e3fe4 elementor-widget elementor-widget-heading\" data-id=\"c5e3fe4\" data-element_type=\"widget\" data-widget_type=\"heading.default\">\n\t\t\t\t<div class=\"elementor-widget-container\">\n\t\t\t\t\t<h2 class=\"elementor-heading-title elementor-size-default\">1:30h<\/h2>\t\t\t\t<\/div>\n\t\t\t\t<\/div>\n\t\t\t\t<\/div>\n\t\t<div class=\"elementor-element elementor-element-fcb0bfe e-con-full e-flex e-con e-child\" data-id=\"fcb0bfe\" data-element_type=\"container\">\n\t\t\t\t<div class=\"elementor-element elementor-element-c199b8a elementor-widget elementor-widget-heading\" data-id=\"c199b8a\" data-element_type=\"widget\" data-widget_type=\"heading.default\">\n\t\t\t\t<div class=\"elementor-widget-container\">\n\t\t\t\t\t<h2 class=\"elementor-heading-title elementor-size-default\">IDIOMAS<\/h2>\t\t\t\t<\/div>\n\t\t\t\t<\/div>\n\t\t\t\t<div class=\"elementor-element elementor-element-628aebc elementor-widget elementor-widget-heading\" data-id=\"628aebc\" data-element_type=\"widget\" data-widget_type=\"heading.default\">\n\t\t\t\t<div class=\"elementor-widget-container\">\n\t\t\t\t\t<h2 class=\"elementor-heading-title elementor-size-default\">Portugu\u00eas e Ingl\u00eas<\/h2>\t\t\t\t<\/div>\n\t\t\t\t<\/div>\n\t\t\t\t<\/div>\n\t\t<div class=\"elementor-element elementor-element-09f14d2 e-con-full e-flex e-con e-child\" data-id=\"09f14d2\" data-element_type=\"container\">\n\t\t\t\t<div class=\"elementor-element elementor-element-2d367ba elementor-widget elementor-widget-heading\" data-id=\"2d367ba\" data-element_type=\"widget\" data-widget_type=\"heading.default\">\n\t\t\t\t<div class=\"elementor-widget-container\">\n\t\t\t\t\t<h2 class=\"elementor-heading-title elementor-size-default\">P\u00daBLICO<\/h2>\t\t\t\t<\/div>\n\t\t\t\t<\/div>\n\t\t\t\t<div class=\"elementor-element elementor-element-389e90d elementor-widget elementor-widget-heading\" data-id=\"389e90d\" data-element_type=\"widget\" data-widget_type=\"heading.default\">\n\t\t\t\t<div class=\"elementor-widget-container\">\n\t\t\t\t\t<h2 class=\"elementor-heading-title elementor-size-default\">Apenas adultos<\/h2>\t\t\t\t<\/div>\n\t\t\t\t<\/div>\n\t\t\t\t<\/div>\n\t\t<div class=\"elementor-element elementor-element-106f3dc e-con-full e-flex e-con e-child\" data-id=\"106f3dc\" data-element_type=\"container\">\n\t\t\t\t<div class=\"elementor-element elementor-element-4069f3c elementor-widget elementor-widget-heading\" data-id=\"4069f3c\" data-element_type=\"widget\" data-widget_type=\"heading.default\">\n\t\t\t\t<div class=\"elementor-widget-container\">\n\t\t\t\t\t<h2 class=\"elementor-heading-title elementor-size-default\">GRUPOS<\/h2>\t\t\t\t<\/div>\n\t\t\t\t<\/div>\n\t\t\t\t<div class=\"elementor-element elementor-element-e0a5919 elementor-widget elementor-widget-heading\" data-id=\"e0a5919\" data-element_type=\"widget\" data-widget_type=\"heading.default\">\n\t\t\t\t<div class=\"elementor-widget-container\">\n\t\t\t\t\t<h2 class=\"elementor-heading-title elementor-size-default\">M\u00e1ximo 6 pessoas<\/h2>\t\t\t\t<\/div>\n\t\t\t\t<\/div>\n\t\t\t\t<\/div>\n\t\t\t\t\t<\/div>\n\t\t\t\t<\/div>\n\t\t<div class=\"elementor-element elementor-element-7f2ef57 e-con-full e-flex e-con e-child\" data-id=\"7f2ef57\" data-element_type=\"container\">\n\t\t\t\t<div class=\"elementor-element elementor-element-d9d26c1 elementor-widget elementor-widget-heading\" data-id=\"d9d26c1\" data-element_type=\"widget\" data-widget_type=\"heading.default\">\n\t\t\t\t<div class=\"elementor-widget-container\">\n\t\t\t\t\t<h2 class=\"elementor-heading-title elementor-size-default\">SELE\u00c7\u00c3O DE VINHOS<\/h2>\t\t\t\t<\/div>\n\t\t\t\t<\/div>\n\t\t\t\t<div class=\"elementor-element elementor-element-933dae9 elementor-widget elementor-widget-text-editor\" data-id=\"933dae9\" data-element_type=\"widget\" data-widget_type=\"text-editor.default\">\n\t\t\t\t<div class=\"elementor-widget-container\">\n\t\t\t\t\t\t\t\t\t<p>Prova de 4 vinhos Quinta Dona Matilde: Branco, Tinto,&nbsp;Reserva Branco e Reserva Tinto.<\/p>\t\t\t\t\t\t\t\t<\/div>\n\t\t\t\t<\/div>\n\t\t\t\t<\/div>\n\t\t\t\t<\/div>\n\t\t<div class=\"elementor-element elementor-element-72ac1a7 e-con-full e-flex e-con e-child\" data-id=\"72ac1a7\" data-element_type=\"container\">\n\t\t\t\t<div class=\"elementor-element elementor-element-d23a90b elementor-widget elementor-widget-image\" data-id=\"d23a90b\" data-element_type=\"widget\" data-widget_type=\"image.default\">\n\t\t\t\t<div class=\"elementor-widget-container\">\n\t\t\t\t\t\t\t\t\t\t\t\t\t\t\t<img fetchpriority=\"high\" decoding=\"async\" width=\"564\" height=\"600\" src=\"https:\/\/donamatilde.pt\/wp-content\/uploads\/2026\/05\/Container.png\" class=\"attachment-full size-full wp-image-1624\" alt=\"\" srcset=\"https:\/\/donamatilde.pt\/wp-content\/uploads\/2026\/05\/Container.png 564w, https:\/\/donamatilde.pt\/wp-content\/uploads\/2026\/05\/Container-282x300.png 282w, https:\/\/donamatilde.pt\/wp-content\/uploads\/2026\/05\/Container-11x12.png 11w\" sizes=\"(max-width: 564px) 100vw, 564px\" \/>\t\t\t\t\t\t\t\t\t\t\t\t\t\t\t<\/div>\n\t\t\t\t<\/div>\n\t\t\t\t<\/div>\n\t\t\t\t\t<\/div>\n\t\t\t\t<\/div>\n\t\t\t\t<\/div>\n\t\t<div class=\"elementor-element elementor-element-e4deab6 e-con-full e-flex e-con e-parent\" data-id=\"e4deab6\" data-element_type=\"container\">\n\t\t<div class=\"elementor-element elementor-element-aed05e8 e-con-full e-flex e-con e-child\" data-id=\"aed05e8\" data-element_type=\"container\" data-settings=\"{&quot;background_background&quot;:&quot;classic&quot;}\">\n\t\t\t\t<\/div>\n\t\t\t\t<\/div>\n\t\t<div class=\"elementor-element elementor-element-8f7e1c6 e-con-full e-flex e-con e-parent\" data-id=\"8f7e1c6\" data-element_type=\"container\" id=\"calendly\">\n\t\t<div class=\"elementor-element elementor-element-6b36d14 e-con-full e-flex e-con e-child\" data-id=\"6b36d14\" data-element_type=\"container\" data-settings=\"{&quot;background_background&quot;:&quot;classic&quot;}\">\n\t\t<div class=\"elementor-element elementor-element-8c992b6 e-con-full e-flex e-con e-child\" data-id=\"8c992b6\" data-element_type=\"container\">\n\t\t\t\t<div class=\"elementor-element elementor-element-be1c72b elementor-widget elementor-widget-heading\" data-id=\"be1c72b\" data-element_type=\"widget\" data-widget_type=\"heading.default\">\n\t\t\t\t<div class=\"elementor-widget-container\">\n\t\t\t\t\t<h2 class=\"elementor-heading-title elementor-size-default\">DISPONIBILIDADE<\/h2>\t\t\t\t<\/div>\n\t\t\t\t<\/div>\n\t\t\t\t<div class=\"elementor-element elementor-element-0c54923 elementor-widget elementor-widget-heading\" data-id=\"0c54923\" data-element_type=\"widget\" data-widget_type=\"heading.default\">\n\t\t\t\t<div class=\"elementor-widget-container\">\n\t\t\t\t\t<h2 class=\"elementor-heading-title elementor-size-default\">Reserve j\u00e1 a sua prova<\/h2>\t\t\t\t<\/div>\n\t\t\t\t<\/div>\n\t\t\t\t<\/div>\n\t\t<div class=\"elementor-element elementor-element-2a8425b e-flex e-con-boxed e-con e-child\" data-id=\"2a8425b\" data-element_type=\"container\" data-settings=\"{&quot;background_background&quot;:&quot;classic&quot;}\">\n\t\t\t\t\t<div class=\"e-con-inner\">\n\t\t\t\t<div class=\"elementor-element elementor-element-3a839eb elementor-widget elementor-widget-html\" data-id=\"3a839eb\" data-element_type=\"widget\" data-widget_type=\"html.default\">\n\t\t\t\t<div class=\"elementor-widget-container\">\n\t\t\t\t\t<iframe\r\n  src=\"https:\/\/calendly.com\/reception-donamatilde\/prova-de-vinhos?month=2026-05\"\r\n  width=\"100%\"\r\n  height=\"700\"\r\n  frameborder=\"0\"\r\n  scrolling=\"no\"\r\n  style=\"min-width:320px; border:0;\"\r\n><\/iframe>\t\t\t\t<\/div>\n\t\t\t\t<\/div>\n\t\t\t\t\t<\/div>\n\t\t\t\t<\/div>\n\t\t<div class=\"elementor-element elementor-element-9bbbeff e-flex e-con-boxed e-con e-child\" data-id=\"9bbbeff\" data-element_type=\"container\">\n\t\t\t\t\t<div class=\"e-con-inner\">\n\t\t\t\t<div class=\"elementor-element elementor-element-e309211 elementor-widget elementor-widget-html\" data-id=\"e309211\" data-element_type=\"widget\" data-no-translation=\"\" data-widget_type=\"html.default\">\n\t\t\t\t<div class=\"elementor-widget-container\">\n\t\t\t\t\t<style>.elementor-element-e309211{display:none !important}<\/style>\t\t\t\t<\/div>\n\t\t\t\t<\/div>\n\t\t\t\t\t<\/div>\n\t\t\t\t<\/div>\n\t\t\t\t<\/div>\n\t\t\t\t<\/div>\n\t\t<div class=\"elementor-element elementor-element-0b6f3c4 e-con-full e-flex e-con e-parent\" data-id=\"0b6f3c4\" data-element_type=\"container\" data-settings=\"{&quot;background_background&quot;:&quot;classic&quot;}\">\n\t\t\t\t<div class=\"elementor-element elementor-element-7383e2f elementor-widget elementor-widget-html\" data-id=\"7383e2f\" data-element_type=\"widget\" data-widget_type=\"html.default\">\n\t\t\t\t<div class=\"elementor-widget-container\">\n\t\t\t\t\t<style>\r\n    .cta-section {\r\n    position: relative;\r\n    width: 100%;\r\n    min-height: 340px;\r\n    overflow: hidden;\r\n    background: #2d2a28;\r\n    display: flex;\r\n    align-items: center;\r\n}\r\n\r\n\/* imagem apenas na metade direita *\/\r\n.cta-section::before {\r\n    content: \"\";\r\n    position: absolute;\r\n    top: 0;\r\n    right: 0;\r\n    width: 55%;\r\n    height: 100%;\r\n\r\n    background-image: url('https:\/\/donamatilde.pt\/wp-content\/uploads\/2026\/05\/texture.png');\r\n    background-size: cover;\r\n    background-position: center right;\r\n    background-repeat: no-repeat;\r\n\r\n    opacity: 0.35;\r\n}\r\n\r\n\/* gradiente escuro *\/\r\n.cta-overlay {\r\n    position: absolute;\r\n    inset: 0;\r\n\r\n    background:\r\n        linear-gradient(\r\n            90deg,\r\n            rgba(45,42,40,1) 0%,\r\n            rgba(45,42,40,0.95) 35%,\r\n            rgba(45,42,40,0.75) 60%,\r\n            rgba(45,42,40,0.95) 100%\r\n        );\r\n\r\n    z-index: 1;\r\n}\r\n\r\n.cta-content {\r\n    position: relative;\r\n    z-index: 2;\r\n\r\n    width: 100%;\r\n    max-width: 1400px;\r\n    margin: 0 auto;\r\n\r\n    padding: 80px 90px;\r\n\r\n    display: flex;\r\n    justify-content: space-between;\r\n    align-items: center;\r\n    gap: 60px;\r\n}\r\n\r\n.cta-left h2 {\r\n    color: #fff;\r\n    font-size: 48px;\r\n    line-height: 1.2;\r\n    font-weight: 400;\r\n    margin-bottom: 24px;\r\n\r\n    font-family: \"Cormorant Garamond\", serif;\r\n}\r\n\r\n.cta-left p {\r\n    color: rgba(255,255,255,0.75);\r\n    font-size: 20px;\r\n    line-height: 1.7;\r\n    margin: 0;\r\n\r\n    font-family: \"Inter\", sans-serif;\r\n}\r\n\r\n.cta-button {\r\n    width: 260px;\r\n    height: 120px;\r\n\r\n    border: 1px solid rgba(255,255,255,0.35);\r\n\r\n    display: flex;\r\n    align-items: center;\r\n    justify-content: center;\r\n\r\n    text-align: center;\r\n\r\n    color: #fff;\r\n    text-decoration: none;\r\n\r\n    font-size: 22px;\r\n    line-height: 1.5;\r\n    letter-spacing: 2px;\r\n    font-weight: 300;\r\n\r\n    transition: all 0.3s ease;\r\n\r\n    backdrop-filter: blur(2px);\r\n}\r\n\r\n.cta-button:hover {\r\n    background: rgba(255,255,255,0.08);\r\n    border-color: rgba(255,255,255,0.6);\r\n}\r\n\r\n\/* mobile *\/\r\n@media (max-width: 768px) {\r\n\r\n    .cta-section::before {\r\n        width: 100%;\r\n        opacity: 0.18;\r\n    }\r\n\r\n    .cta-content {\r\n        padding: 60px 24px;\r\n        flex-direction: column;\r\n        align-items: flex-start;\r\n    }\r\n\r\n    .cta-left h2 {\r\n        font-size: 34px;\r\n    }\r\n\r\n    .cta-left p {\r\n        font-size: 16px;\r\n    }\r\n\r\n    .cta-button {\r\n        width: 100%;\r\n        max-width: 240px;\r\n        height: 90px;\r\n        font-size: 18px;\r\n    }\r\n}\r\n<\/style>\r\n<section class=\"cta-section\">\r\n    <div class=\"cta-overlay\"><\/div>\r\n\r\n    <div class=\"cta-content\">\r\n        <div class=\"cta-left\">\r\n            <h2>Pronto para uma experi\u00eancia \u00fanica?<\/h2>\r\n\r\n            <p>\r\n                Estamos \u00e0 sua espera para partilhar o melhor do Douro.<br>\r\n                Se tiver pedidos especiais ou grupos grandes, contacte-nos diretamente.\r\n            <\/p>\r\n        <\/div>\r\n\r\n        <div class=\"cta-right\">\r\n                <a href=\"mailto:reception@donamatilde.pt\" class=\"cta-button\">\r\n    FALE<br>CONNOSCO\r\n<\/a>\r\n        <\/div>\r\n    <\/div>\r\n<\/section>\t\t\t\t<\/div>\n\t\t\t\t<\/div>\n\t\t\t\t<\/div>\n\t\t\t\t<\/div>\n\t\t","protected":false},"excerpt":{"rendered":"<p>Prova de Vinhos Dona Matilde Descubra a hist\u00f3ria e os sabores de uma das quintas mais antigas da regi\u00e3oatrav\u00e9s de uma jornada sensorial inesquec\u00edvel. AGENDAR PROVA Prova de Vinhos O ponto de encontro \u00e9 na Recep\u00e7\u00e3o da Casa da Quinta e, a\u00a0partir da\u00ed, come\u00e7a com uma visita \u00e0 vinha onde \u00e9 feita uma\u00a0descri\u00e7\u00e3o da quinta [&hellip;]<\/p>\n","protected":false},"author":1,"featured_media":0,"parent":0,"menu_order":0,"comment_status":"closed","ping_status":"closed","template":"elementor_header_footer","meta":{"_acf_changed":false,"footnotes":""},"class_list":["post-1608","page","type-page","status-publish","hentry"],"acf":[],"_links":{"self":[{"href":"https:\/\/donamatilde.pt\/pt\/wp-json\/wp\/v2\/pages\/1608","targetHints":{"allow":["GET"]}}],"collection":[{"href":"https:\/\/donamatilde.pt\/pt\/wp-json\/wp\/v2\/pages"}],"about":[{"href":"https:\/\/donamatilde.pt\/pt\/wp-json\/wp\/v2\/types\/page"}],"author":[{"embeddable":true,"href":"https:\/\/donamatilde.pt\/pt\/wp-json\/wp\/v2\/users\/1"}],"replies":[{"embeddable":true,"href":"https:\/\/donamatilde.pt\/pt\/wp-json\/wp\/v2\/comments?post=1608"}],"version-history":[{"count":63,"href":"https:\/\/donamatilde.pt\/pt\/wp-json\/wp\/v2\/pages\/1608\/revisions"}],"predecessor-version":[{"id":1689,"href":"https:\/\/donamatilde.pt\/pt\/wp-json\/wp\/v2\/pages\/1608\/revisions\/1689"}],"wp:attachment":[{"href":"https:\/\/donamatilde.pt\/pt\/wp-json\/wp\/v2\/media?parent=1608"}],"curies":[{"name":"wp","href":"https:\/\/api.w.org\/{rel}","templated":true}]}}